{"id":33,"date":"2024-05-15T23:13:20","date_gmt":"2024-05-15T21:13:20","guid":{"rendered":"https:\/\/hoopers.si\/?page_id=33"},"modified":"2024-06-13T23:56:35","modified_gmt":"2024-06-13T21:56:35","slug":"o-hoopersih","status":"publish","type":"page","link":"https:\/\/hoopers.si\/en\/o-hoopersih\/","title":{"rendered":"About Hoopers"},"content":{"rendered":"<p>The rings or horns, which resemble the hula hoops that give the sport its name, are the base. They are used instead of height jumps and do not use zone barriers.<\/p>\n\n\n\n<p>That is why they are suitable for both old and young dogs, or for those that are very large, very small or too old to take part in agility or other movement-intensive disciplines.<\/p>\n\n\n\n<p>Venda hoopresi requires knowledge of another area, which some agiltashi with long and fast enough legs still avoid. It is the dog's focus on obstacles and the ability to produce a cockerel on its own, independently, even when moving away from the handler.<\/p>\n\n\n\n<p>The barriers used for hoopers are:<\/p>\n\n\n\n<p>- huppies<\/p>\n\n\n\n<p>- tunnels<\/p>\n\n\n\n<p>- evens<\/p>\n\n\n\n<p>- fences<\/p>\n\n\n\n<p>The horns are the basis of every huper parkour. They play the role of agility jumps, but the dog runs through them instead of jumping over them.<\/p>\n\n\n\n<p>The tunnels are 1 metre long and 80 cm wide.<\/p>\n\n\n\n<p>Judges. The dog must circle or go around the barrels (out or in in agility). The direction depends on the author of the course.<\/p>\n\n\n\n<p>Fences must be walked around or around by the dog, but can also be used to facilitate the production of a parkrun.<\/p>\n\n\n\n<p>This consists of obstacles that the dog must complete in a correct, predetermined sequence.<\/p>\n\n\n\n<p>The basis of hoopers is that the dog makes the course independently. The handler's movement is restricted to a marked square or circle (2 x 2 m).<\/p>\n\n\n\n<p>Leadership is one of the most important skills for Hoopers. From the very beginning, we teach the dog to do the course independently, using only the handler's body language and verbal commands.<\/p>","protected":false},"excerpt":{"rendered":"<p>Osnova so obro\u010di ali hupi, ki spominjajo na hulahop obro\u010de in po katerih je \u0161port dobil ime. Uporabljajo jih namesto vi\u0161inskih preskokov, prav tako pa ne uporabljajo conskih ovir. Ravno zato so primerni tako za stare, kot mlade pse ali pa tiste, ki so zelo veliki, zelo majhni ali prestari, [&hellip;]<\/p>\n","protected":false},"author":2,"featured_media":0,"parent":0,"menu_order":0,"comment_status":"closed","ping_status":"closed","template":"","meta":{"footnotes":""},"class_list":["post-33","page","type-page","status-publish","hentry"],"jetpack_sharing_enabled":true,"_links":{"self":[{"href":"https:\/\/hoopers.si\/en\/wp-json\/wp\/v2\/pages\/33","targetHints":{"allow":["GET"]}}],"collection":[{"href":"https:\/\/hoopers.si\/en\/wp-json\/wp\/v2\/pages"}],"about":[{"href":"https:\/\/hoopers.si\/en\/wp-json\/wp\/v2\/types\/page"}],"author":[{"embeddable":true,"href":"https:\/\/hoopers.si\/en\/wp-json\/wp\/v2\/users\/2"}],"replies":[{"embeddable":true,"href":"https:\/\/hoopers.si\/en\/wp-json\/wp\/v2\/comments?post=33"}],"version-history":[{"count":6,"href":"https:\/\/hoopers.si\/en\/wp-json\/wp\/v2\/pages\/33\/revisions"}],"predecessor-version":[{"id":201,"href":"https:\/\/hoopers.si\/en\/wp-json\/wp\/v2\/pages\/33\/revisions\/201"}],"wp:attachment":[{"href":"https:\/\/hoopers.si\/en\/wp-json\/wp\/v2\/media?parent=33"}],"curies":[{"name":"wp","href":"https:\/\/api.w.org\/{rel}","templated":true}]}}