{"id":346,"date":"2026-02-18T07:57:51","date_gmt":"2026-02-18T06:57:51","guid":{"rendered":"https:\/\/hoopers.si\/?page_id=346"},"modified":"2026-03-31T09:29:26","modified_gmt":"2026-03-31T07:29:26","slug":"kvalifikacije-za-whoc-2026","status":"publish","type":"page","link":"https:\/\/hoopers.si\/en\/kvalifikacije-za-whoc-2026\/","title":{"rendered":"Qualification for WHOC 2026"},"content":{"rendered":"<p>\u2611 <strong>12. 4. 2026: <strong>Slovenska Bistrica<\/strong><\/strong><br>Prva kvalifikacijska tekma slovenske reprezentance za WHOC 2026<br>Prijave: <a href=\"https:\/\/register.hoopers.si\/login\">https:\/\/register.hoopers.si\/login<\/a><br><strong>Za\u010detek tekmovanja: 9.30<\/strong> (prijave od 9.00)<\/p>\n\n\n\n<p>Lokacija: <strong>KD Slovenska Bistrica,<\/strong>&nbsp;<a href=\"https:\/\/www.google.com\/maps\/place\/\/data=!4m2!3m1!1s0x476f7fcf8045f247:0x514f8381565da5a7?sa=X&amp;ved=1t:8290&amp;ictx=111\"><\/a><a href=\"https:\/\/maps.app.goo.gl\/23z78e4bv8zuxaRN6\" data-type=\"link\" data-id=\"https:\/\/maps.app.goo.gl\/23z78e4bv8zuxaRN6\">Zgornja Bistrica 13, 2310 Slovenska Bistrica<\/a><br>Sodnica: <strong>Adrienn Juh\u00e1sz<\/strong> (HU)<\/p>\n\n\n\n<p>\u0160tartnina: 22 \u20ac, drugi pes istega vodnika 18 \u20ac<\/p>\n\n\n\n<p>\u0160tartnina se pla\u010da na tekmi v gotovini. Prijave sprejemamo do 08. 04. 2026 do 24.00.<\/p>\n\n\n\n<p>Za pse, ki so bili izmerjeni za tekmovanja v agility-u nova meritev ni potrebna. Za pse, ki \u0161e niso bili izmerjeni bomo meritev izvedli pred tekmo.<\/p>\n\n\n\n<p>Na tekmovanjih v hoopersih v Sloveniji lahko sodelujejo vodniki s psi vseh pasem (z rodovnikom, ki ga priznava FCI, ali brez njega), ki so starej\u0161i od 18 mesecev. Vodnik mora biti \u010dlan dru\u0161tva, ki je v\u010dlanjeno v KZS ali drugo tujo nacionalno organizacijo, \u010dlanico FCI. Vsi psi, ki nastopajo na tekmah, morajo imeti veljavno potrdilo o cepljenju proti steklini. Vodnik je odgovoren za vso morebitno \u0161kodo, ki jo povzro\u010di njegov pes.<br><br>\u2611 <strong>10. 05. 2026: KD Dom\u017eale<\/strong><br>Druga tekma kvalifikacij za slovensko reprezentanco za WHOC 2025<br>Prijave: <a href=\"https:\/\/register.hoopers.si\/login\">https:\/\/register.hoopers.si\/login<\/a><br><strong>Za\u010detek tekmovanja: 9.30<\/strong> (prijave od 9.00)<\/p>\n\n\n\n<p>Lokacija: <a href=\"https:\/\/maps.app.goo.gl\/ZxzkeU596Ev4c91a7\">KD Dom\u017eale, Krumper\u0161ka ulica 41, 1230 Dom\u017eale<\/a><br>Sodnica: <strong>Tiinamari Harjula<\/strong> (FI)<br><br>\u0160tartnina: 22 \u20ac, drugi pes istega vodnika 18 \u20ac<br><br>\u0160tartnina se pla\u010da na tekmi v gotovini. Prijave sprejemamo do 6. 05. 2026 do 24.00.<br><br>Za pse, ki so bili izmerjeni za tekmovanja v agility-u nova meritev ni potrebna. Za pse, ki \u0161e niso bili izmerjeni bomo meritev izvedli pred tekmo.<br><br>Na tekmovanjih v hoopersih v Sloveniji lahko sodelujejo vodniki s psi vseh pasem (z rodovnikom, ki ga priznava FCI, ali brez njega), ki so starej\u0161i od 18 mesecev. Vodnik mora biti \u010dlan dru\u0161tva, ki je v\u010dlanjeno v KZS ali drugo tujo nacionalno organizacijo, \u010dlanico FCI. Vsi psi, ki nastopajo na tekmah, morajo imeti veljavno potrdilo o cepljenju proti steklini. Vodnik je odgovoren za vso morebitno \u0161kodo, ki jo povzro\u010di njegov pes.<\/p>\n\n\n\n<p><br><br>\u2611 <strong>31. 5. 2026: Oplotnica<\/strong><br>Tretjakvalifikacijska tekma slovenske reprezentance za WHOC 2026<br>Prijave: <a href=\"https:\/\/register.hoopers.si\/login\">https:\/\/register.hoopers.si\/login<\/a><br><strong>Za\u010detek tekmovanja: 9.30<\/strong> (prijave od 9.00)<\/p>\n\n\n\n<p>Lokacija: <strong>In-Dog,<\/strong>&nbsp;<a href=\"https:\/\/maps.app.goo.gl\/HToySxC7qoib9iqR7\">Partizanska cesta 100, 2317 Oplotnica<\/a><br>Sodnik: <strong>AlessandroFerrero<\/strong> (SLO)<\/p>\n\n\n\n<p>\u0160tartnina: 22 \u20ac, drugi pes istega vodnika 18 \u20ac<\/p>\n\n\n\n<p>\u0160tartnina se pla\u010da na tekmi v gotovini. Prijave sprejemamo do 27. 05. 2026 do 24.00.<\/p>\n\n\n\n<p>Za pse, ki so bili izmerjeni za tekmovanja v agility-u nova meritev ni potrebna. Za pse, ki \u0161e niso bili izmerjeni bomo meritev izvedli pred tekmo.<\/p>\n\n\n\n<p>Na tekmovanjih v hoopersih v Sloveniji lahko sodelujejo vodniki s psi vseh pasem (z rodovnikom, ki ga priznava FCI, ali brez njega), ki so starej\u0161i od 18 mesecev. Vodnik mora biti \u010dlan dru\u0161tva, ki je v\u010dlanjeno v KZS ali drugo tujo nacionalno organizacijo, \u010dlanico FCI. Vsi psi, ki nastopajo na tekmah, morajo imeti veljavno potrdilo o cepljenju proti steklini. Vodnik je odgovoren za vso morebitno \u0161kodo, ki jo povzro\u010di njegov pes.<\/p>\n\n\n\n<p><\/p>","protected":false},"excerpt":{"rendered":"<p>\u2611 12. 4. 2026: Slovenska BistricaPrva kvalifikacijska tekma slovenske reprezentance za WHOC 2026Prijave: https:\/\/register.hoopers.si\/loginZa\u010detek tekmovanja: 9.30 (prijave od 9.00) Lokacija: KD Slovenska Bistrica,&nbsp;Zgornja Bistrica 13, 2310 Slovenska BistricaSodnica: Adrienn Juh\u00e1sz (HU) \u0160tartnina: 22 \u20ac, drugi pes istega vodnika 18 \u20ac \u0160tartnina se pla\u010da na tekmi v gotovini. Prijave sprejemamo do [&hellip;]<\/p>\n","protected":false},"author":2,"featured_media":0,"parent":0,"menu_order":0,"comment_status":"closed","ping_status":"closed","template":"","meta":{"footnotes":""},"class_list":["post-346","page","type-page","status-publish","hentry"],"jetpack_sharing_enabled":true,"_links":{"self":[{"href":"https:\/\/hoopers.si\/en\/wp-json\/wp\/v2\/pages\/346","targetHints":{"allow":["GET"]}}],"collection":[{"href":"https:\/\/hoopers.si\/en\/wp-json\/wp\/v2\/pages"}],"about":[{"href":"https:\/\/hoopers.si\/en\/wp-json\/wp\/v2\/types\/page"}],"author":[{"embeddable":true,"href":"https:\/\/hoopers.si\/en\/wp-json\/wp\/v2\/users\/2"}],"replies":[{"embeddable":true,"href":"https:\/\/hoopers.si\/en\/wp-json\/wp\/v2\/comments?post=346"}],"version-history":[{"count":13,"href":"https:\/\/hoopers.si\/en\/wp-json\/wp\/v2\/pages\/346\/revisions"}],"predecessor-version":[{"id":422,"href":"https:\/\/hoopers.si\/en\/wp-json\/wp\/v2\/pages\/346\/revisions\/422"}],"wp:attachment":[{"href":"https:\/\/hoopers.si\/en\/wp-json\/wp\/v2\/media?parent=346"}],"curies":[{"name":"wp","href":"https:\/\/api.w.org\/{rel}","templated":true}]}}