{"id":37,"date":"2024-05-15T23:13:52","date_gmt":"2024-05-15T21:13:52","guid":{"rendered":"https:\/\/hoopers.si\/?page_id=37"},"modified":"2024-06-13T23:58:01","modified_gmt":"2024-06-13T21:58:01","slug":"zgodovina-hoopersov","status":"publish","type":"page","link":"https:\/\/hoopers.si\/en\/zgodovina-hoopersov\/","title":{"rendered":"History of Hoopers"},"content":{"rendered":"<p>The founder of the relatively young sport of hoopers is the North Amedican Dog Agility Council (NADAC). Hoopers are there under the umbrella of agility, with which they complement each other. From America, the sport spread in 2014 to Europe, where it became popular in the Netherlands, Norway, Switzerland and the UK. It was first introduced in Slovenia in 2018.<\/p>","protected":false},"excerpt":{"rendered":"<p>Ustanovitelj dokaj mlade \u0161portne panoge hupers je ameri\u0161ko zdru\u017eenje NADAC (North Amedican Dog Agility Council). Hoopersi so tam pod okriljem agilityja, s katerim se dopolnjujejo. Iz Amerike se je \u0161port raz\u0161iril 2014 v Evropo, kjer je postal priljubjen na Nizozemskem, Norve\u0161kem, \u0160vici in Veliki Britanjiji. V Sloveniji je bil prvi\u010d [&hellip;]<\/p>\n","protected":false},"author":2,"featured_media":0,"parent":0,"menu_order":0,"comment_status":"closed","ping_status":"closed","template":"","meta":{"footnotes":""},"class_list":["post-37","page","type-page","status-publish","hentry"],"jetpack_sharing_enabled":true,"_links":{"self":[{"href":"https:\/\/hoopers.si\/en\/wp-json\/wp\/v2\/pages\/37","targetHints":{"allow":["GET"]}}],"collection":[{"href":"https:\/\/hoopers.si\/en\/wp-json\/wp\/v2\/pages"}],"about":[{"href":"https:\/\/hoopers.si\/en\/wp-json\/wp\/v2\/types\/page"}],"author":[{"embeddable":true,"href":"https:\/\/hoopers.si\/en\/wp-json\/wp\/v2\/users\/2"}],"replies":[{"embeddable":true,"href":"https:\/\/hoopers.si\/en\/wp-json\/wp\/v2\/comments?post=37"}],"version-history":[{"count":5,"href":"https:\/\/hoopers.si\/en\/wp-json\/wp\/v2\/pages\/37\/revisions"}],"predecessor-version":[{"id":202,"href":"https:\/\/hoopers.si\/en\/wp-json\/wp\/v2\/pages\/37\/revisions\/202"}],"wp:attachment":[{"href":"https:\/\/hoopers.si\/en\/wp-json\/wp\/v2\/media?parent=37"}],"curies":[{"name":"wp","href":"https:\/\/api.w.org\/{rel}","templated":true}]}}